{"id":1160,"date":"2024-04-11T11:06:52","date_gmt":"2024-04-11T11:06:52","guid":{"rendered":"https:\/\/biermuseum.be\/?page_id=1160"},"modified":"2025-04-04T12:03:04","modified_gmt":"2025-04-04T12:03:04","slug":"mentions-legales-declaration-de-confidentialite","status":"publish","type":"page","link":"https:\/\/biermuseum.be\/fr\/mentions-legales-declaration-de-confidentialite\/","title":{"rendered":"Mentions l\u00e9gales &#038; d\u00e9claration de confidentialit\u00e9"},"content":{"rendered":"\t\t<div data-elementor-type=\"wp-page\" data-elementor-id=\"1160\" class=\"elementor elementor-1160 elementor-596\" data-elementor-settings=\"{&quot;element_pack_global_tooltip_width&quot;:{&quot;unit&quot;:&quot;px&quot;,&quot;size&quot;:&quot;&quot;,&quot;sizes&quot;:[]},&quot;element_pack_global_tooltip_width_tablet&quot;:{&quot;unit&quot;:&quot;px&quot;,&quot;size&quot;:&quot;&quot;,&quot;sizes&quot;:[]},&quot;element_pack_global_tooltip_width_mobile&quot;:{&quot;unit&quot;:&quot;px&quot;,&quot;size&quot;:&quot;&quot;,&quot;sizes&quot;:[]},&quot;element_pack_global_tooltip_padding&quot;:{&quot;unit&quot;:&quot;px&quot;,&quot;top&quot;:&quot;&quot;,&quot;right&quot;:&quot;&quot;,&quot;bottom&quot;:&quot;&quot;,&quot;left&quot;:&quot;&quot;,&quot;isLinked&quot;:true},&quot;element_pack_global_tooltip_padding_tablet&quot;:{&quot;unit&quot;:&quot;px&quot;,&quot;top&quot;:&quot;&quot;,&quot;right&quot;:&quot;&quot;,&quot;bottom&quot;:&quot;&quot;,&quot;left&quot;:&quot;&quot;,&quot;isLinked&quot;:true},&quot;element_pack_global_tooltip_padding_mobile&quot;:{&quot;unit&quot;:&quot;px&quot;,&quot;top&quot;:&quot;&quot;,&quot;right&quot;:&quot;&quot;,&quot;bottom&quot;:&quot;&quot;,&quot;left&quot;:&quot;&quot;,&quot;isLinked&quot;:true},&quot;element_pack_global_tooltip_border_radius&quot;:{&quot;unit&quot;:&quot;px&quot;,&quot;top&quot;:&quot;&quot;,&quot;right&quot;:&quot;&quot;,&quot;bottom&quot;:&quot;&quot;,&quot;left&quot;:&quot;&quot;,&quot;isLinked&quot;:true},&quot;element_pack_global_tooltip_border_radius_tablet&quot;:{&quot;unit&quot;:&quot;px&quot;,&quot;top&quot;:&quot;&quot;,&quot;right&quot;:&quot;&quot;,&quot;bottom&quot;:&quot;&quot;,&quot;left&quot;:&quot;&quot;,&quot;isLinked&quot;:true},&quot;element_pack_global_tooltip_border_radius_mobile&quot;:{&quot;unit&quot;:&quot;px&quot;,&quot;top&quot;:&quot;&quot;,&quot;right&quot;:&quot;&quot;,&quot;bottom&quot;:&quot;&quot;,&quot;left&quot;:&quot;&quot;,&quot;isLinked&quot;:true}}\">\n\t\t\t\t<div class=\"elementor-element elementor-element-6beecff e-flex e-con-boxed e-con e-parent\" data-id=\"6beecff\" data-element_type=\"container\" data-e-type=\"container\">\n\t\t\t\t\t<div class=\"e-con-inner\">\n\t\t<div class=\"elementor-element elementor-element-f7da909 e-con-full e-flex e-con e-child\" data-id=\"f7da909\" data-element_type=\"container\" data-e-type=\"container\">\n\t\t\t\t<div class=\"elementor-element elementor-element-db25662 elementor-widget elementor-widget-heading\" data-id=\"db25662\" data-element_type=\"widget\" data-e-type=\"widget\" data-widget_type=\"heading.default\">\n\t\t\t\t<div class=\"elementor-widget-container\">\n\t\t\t\t\t<h2 class=\"elementor-heading-title elementor-size-default\">Editeur responsable<\/h2>\t\t\t\t<\/div>\n\t\t\t\t<\/div>\n\t\t\t\t<div class=\"elementor-element elementor-element-2e78194 elementor-widget elementor-widget-text-editor\" data-id=\"2e78194\" data-element_type=\"widget\" data-e-type=\"widget\" data-widget_type=\"text-editor.default\">\n\t\t\t\t<div class=\"elementor-widget-container\">\n\t\t\t\t\t\t\t\t\t<p><strong>Biermuseum Rodt<\/strong><\/p><p>Delvith SA<\/p><p>Tomberg 77<br \/>B-4780 Rodt<br \/>Belgique<\/p><p>T\u00e9l. : +32 (0)80 22 63 01<br \/>Fax : +32 (0)80 22 95 62 <br \/>E-mail : <a href=\"mailto:info@biermuseum.be\" target=\"_blank\" rel=\"noopener\">info@biermuseum.be<\/a><\/p>\t\t\t\t\t\t\t\t<\/div>\n\t\t\t\t<\/div>\n\t\t\t\t<div class=\"elementor-element elementor-element-5483cdf elementor-widget-divider--view-line elementor-widget elementor-widget-divider\" data-id=\"5483cdf\" data-element_type=\"widget\" data-e-type=\"widget\" data-widget_type=\"divider.default\">\n\t\t\t\t<div class=\"elementor-widget-container\">\n\t\t\t\t\t\t\t<div class=\"elementor-divider\">\n\t\t\t<span class=\"elementor-divider-separator\">\n\t\t\t\t\t\t<\/span>\n\t\t<\/div>\n\t\t\t\t\t\t<\/div>\n\t\t\t\t<\/div>\n\t\t\t\t<div class=\"elementor-element elementor-element-318ce55 elementor-widget elementor-widget-heading\" data-id=\"318ce55\" data-element_type=\"widget\" data-e-type=\"widget\" data-widget_type=\"heading.default\">\n\t\t\t\t<div class=\"elementor-widget-container\">\n\t\t\t\t\t<h2 class=\"elementor-heading-title elementor-size-default\">Copyright<\/h2>\t\t\t\t<\/div>\n\t\t\t\t<\/div>\n\t\t\t\t<div class=\"elementor-element elementor-element-f27f0eb elementor-widget elementor-widget-text-editor\" data-id=\"f27f0eb\" data-element_type=\"widget\" data-e-type=\"widget\" data-widget_type=\"text-editor.default\">\n\t\t\t\t<div class=\"elementor-widget-container\">\n\t\t\t\t\t\t\t\t\t<p>2024 Biermuseum Rodt, tous droits r\u00e9serv\u00e9s.<\/p><p>Tous les textes, illustrations et autres contenus sont prot\u00e9g\u00e9s par le droit d&rsquo;auteur. Toute reproduction ou diffusion sans autorisation \u00e9crite pr\u00e9alable est strictement interdite.<\/p>\t\t\t\t\t\t\t\t<\/div>\n\t\t\t\t<\/div>\n\t\t\t\t<div class=\"elementor-element elementor-element-09b90fd elementor-widget-divider--view-line elementor-widget elementor-widget-divider\" data-id=\"09b90fd\" data-element_type=\"widget\" data-e-type=\"widget\" data-widget_type=\"divider.default\">\n\t\t\t\t<div class=\"elementor-widget-container\">\n\t\t\t\t\t\t\t<div class=\"elementor-divider\">\n\t\t\t<span class=\"elementor-divider-separator\">\n\t\t\t\t\t\t<\/span>\n\t\t<\/div>\n\t\t\t\t\t\t<\/div>\n\t\t\t\t<\/div>\n\t\t\t\t<div class=\"elementor-element elementor-element-4b15abb elementor-widget elementor-widget-heading\" data-id=\"4b15abb\" data-element_type=\"widget\" data-e-type=\"widget\" data-widget_type=\"heading.default\">\n\t\t\t\t<div class=\"elementor-widget-container\">\n\t\t\t\t\t<h2 class=\"elementor-heading-title elementor-size-default\">Webdesign<\/h2>\t\t\t\t<\/div>\n\t\t\t\t<\/div>\n\t\t\t\t<div class=\"elementor-element elementor-element-ca707a2 elementor-widget elementor-widget-text-editor\" data-id=\"ca707a2\" data-element_type=\"widget\" data-e-type=\"widget\" data-widget_type=\"text-editor.default\">\n\t\t\t\t<div class=\"elementor-widget-container\">\n\t\t\t\t\t\t\t\t\t<p><strong>Indigoweb s\u00e0rl<\/strong><strong><br \/><\/strong>Z.I. In den Allern 6<br \/>L-9911 Troisvierges<\/p><p><a href=\"https:\/\/indigo.info\/\" target=\"_blank\" rel=\"noopener\">www.indigo.info<\/a><\/p>\t\t\t\t\t\t\t\t<\/div>\n\t\t\t\t<\/div>\n\t\t\t\t<div class=\"elementor-element elementor-element-a58b82e elementor-widget-divider--view-line elementor-widget elementor-widget-divider\" data-id=\"a58b82e\" data-element_type=\"widget\" data-e-type=\"widget\" data-widget_type=\"divider.default\">\n\t\t\t\t<div class=\"elementor-widget-container\">\n\t\t\t\t\t\t\t<div class=\"elementor-divider\">\n\t\t\t<span class=\"elementor-divider-separator\">\n\t\t\t\t\t\t<\/span>\n\t\t<\/div>\n\t\t\t\t\t\t<\/div>\n\t\t\t\t<\/div>\n\t\t\t\t<div class=\"elementor-element elementor-element-0c03624 elementor-widget elementor-widget-heading\" data-id=\"0c03624\" data-element_type=\"widget\" data-e-type=\"widget\" data-widget_type=\"heading.default\">\n\t\t\t\t<div class=\"elementor-widget-container\">\n\t\t\t\t\t<h2 class=\"elementor-heading-title elementor-size-default\">Webhosting \/ Datacenter<\/h2>\t\t\t\t<\/div>\n\t\t\t\t<\/div>\n\t\t\t\t<div class=\"elementor-element elementor-element-22d3350 elementor-widget elementor-widget-text-editor\" data-id=\"22d3350\" data-element_type=\"widget\" data-e-type=\"widget\" data-widget_type=\"text-editor.default\">\n\t\t\t\t<div class=\"elementor-widget-container\">\n\t\t\t\t\t\t\t\t\t<div class=\"elementor-element elementor-element-f0de2ea sc_fly_static elementor-widget elementor-widget-text-editor trx_addons_parallax_layers_inited trx_addons_parallax_blocks_inited\" data-id=\"f0de2ea\" data-element_type=\"widget\" data-widget_type=\"text-editor.default\"><div class=\"elementor-widget-container\"><p>Host Europe GmbH<br \/>Welserstra\u00dfe 14<br \/>51149 Cologne<br \/>Germany<\/p><p>REG ID: HRB 28495<\/p><p>VAT ID: DE187370678<\/p><\/div><\/div><div class=\"elementor-element elementor-element-8c3a0d1 sc_height_small elementor-widget-divider--view-line sc_fly_static elementor-widget elementor-widget-divider trx_addons_parallax_layers_inited trx_addons_parallax_blocks_inited\" data-id=\"8c3a0d1\" data-element_type=\"widget\" data-widget_type=\"divider.default\"><div class=\"elementor-widget-container\"><div class=\"elementor-divider\">\u00a0<\/div><\/div><\/div>\t\t\t\t\t\t\t\t<\/div>\n\t\t\t\t<\/div>\n\t\t\t\t<div class=\"elementor-element elementor-element-92dc272 elementor-widget-divider--view-line elementor-widget elementor-widget-divider\" data-id=\"92dc272\" data-element_type=\"widget\" data-e-type=\"widget\" data-widget_type=\"divider.default\">\n\t\t\t\t<div class=\"elementor-widget-container\">\n\t\t\t\t\t\t\t<div class=\"elementor-divider\">\n\t\t\t<span class=\"elementor-divider-separator\">\n\t\t\t\t\t\t<\/span>\n\t\t<\/div>\n\t\t\t\t\t\t<\/div>\n\t\t\t\t<\/div>\n\t\t\t\t<div class=\"elementor-element elementor-element-a0d5f4e elementor-widget elementor-widget-heading\" data-id=\"a0d5f4e\" data-element_type=\"widget\" data-e-type=\"widget\" data-widget_type=\"heading.default\">\n\t\t\t\t<div class=\"elementor-widget-container\">\n\t\t\t\t\t<h2 class=\"elementor-heading-title elementor-size-default\">Informations l\u00e9gales &amp; conditions d'utilisation<\/h2>\t\t\t\t<\/div>\n\t\t\t\t<\/div>\n\t\t\t\t<div class=\"elementor-element elementor-element-4c714da elementor-widget elementor-widget-heading\" data-id=\"4c714da\" data-element_type=\"widget\" data-e-type=\"widget\" data-widget_type=\"heading.default\">\n\t\t\t\t<div class=\"elementor-widget-container\">\n\t\t\t\t\t<h2 class=\"elementor-heading-title elementor-size-default\">Conditions d'acc\u00e8s au site web<\/h2>\t\t\t\t<\/div>\n\t\t\t\t<\/div>\n\t\t\t\t<div class=\"elementor-element elementor-element-fd05ce4 elementor-widget elementor-widget-text-editor\" data-id=\"fd05ce4\" data-element_type=\"widget\" data-e-type=\"widget\" data-widget_type=\"text-editor.default\">\n\t\t\t\t<div class=\"elementor-widget-container\">\n\t\t\t\t\t\t\t\t\t<p>Toute personne (ci-apr\u00e8s d\u00e9nomm\u00e9e \u00ab\u00a0utilisateur\u00a0\u00bb) qui visite le pr\u00e9sent site est r\u00e9put\u00e9e avoir accept\u00e9 sans condition l&rsquo;ensemble des dispositions et conditions d&rsquo;utilisation du site de .<br \/>Le Site est accessible \u00e0 tout moment et dans le monde entier. L&rsquo;Utilisateur qui consulte le Site est seul responsable du respect des lois et r\u00e8glements en vigueur dans son pays de r\u00e9sidence ou dans le pays \u00e0 partir duquel il acc\u00e8de au Site.<\/p>\t\t\t\t\t\t\t\t<\/div>\n\t\t\t\t<\/div>\n\t\t\t\t<div class=\"elementor-element elementor-element-05088ac elementor-widget-divider--view-line elementor-widget elementor-widget-divider\" data-id=\"05088ac\" data-element_type=\"widget\" data-e-type=\"widget\" data-widget_type=\"divider.default\">\n\t\t\t\t<div class=\"elementor-widget-container\">\n\t\t\t\t\t\t\t<div class=\"elementor-divider\">\n\t\t\t<span class=\"elementor-divider-separator\">\n\t\t\t\t\t\t<\/span>\n\t\t<\/div>\n\t\t\t\t\t\t<\/div>\n\t\t\t\t<\/div>\n\t\t\t\t<div class=\"elementor-element elementor-element-b241e97 elementor-widget elementor-widget-heading\" data-id=\"b241e97\" data-element_type=\"widget\" data-e-type=\"widget\" data-widget_type=\"heading.default\">\n\t\t\t\t<div class=\"elementor-widget-container\">\n\t\t\t\t\t<h2 class=\"elementor-heading-title elementor-size-default\">Modifications des pr\u00e9sentes conditions d'utilisation, comp\u00e9tence et droit applicable<\/h2>\t\t\t\t<\/div>\n\t\t\t\t<\/div>\n\t\t\t\t<div class=\"elementor-element elementor-element-732da08 elementor-widget elementor-widget-text-editor\" data-id=\"732da08\" data-element_type=\"widget\" data-e-type=\"widget\" data-widget_type=\"text-editor.default\">\n\t\t\t\t<div class=\"elementor-widget-container\">\n\t\t\t\t\t\t\t\t\t<p>Les pr\u00e9sentes conditions d&rsquo;utilisation peuvent \u00eatre modifi\u00e9es \u00e0 tout moment par l&rsquo;\u00e9diteur. Les conditions d&rsquo;utilisation applicables \u00e0 toute utilisation du site sont celles publi\u00e9es sur le site au moment de la consultation par l&rsquo;utilisateur. La nullit\u00e9 ou l&rsquo;invalidit\u00e9 d&rsquo;une disposition des pr\u00e9sentes conditions d&rsquo;utilisation n&rsquo;affecte pas les autres dispositions des pr\u00e9sentes conditions.<\/p>\t\t\t\t\t\t\t\t<\/div>\n\t\t\t\t<\/div>\n\t\t\t\t<div class=\"elementor-element elementor-element-ffe8a44 elementor-widget-divider--view-line elementor-widget elementor-widget-divider\" data-id=\"ffe8a44\" data-element_type=\"widget\" data-e-type=\"widget\" data-widget_type=\"divider.default\">\n\t\t\t\t<div class=\"elementor-widget-container\">\n\t\t\t\t\t\t\t<div class=\"elementor-divider\">\n\t\t\t<span class=\"elementor-divider-separator\">\n\t\t\t\t\t\t<\/span>\n\t\t<\/div>\n\t\t\t\t\t\t<\/div>\n\t\t\t\t<\/div>\n\t\t\t\t<div class=\"elementor-element elementor-element-16c2803 elementor-widget elementor-widget-heading\" data-id=\"16c2803\" data-element_type=\"widget\" data-e-type=\"widget\" data-widget_type=\"heading.default\">\n\t\t\t\t<div class=\"elementor-widget-container\">\n\t\t\t\t\t<h2 class=\"elementor-heading-title elementor-size-default\">Clause de non-responsabilit\u00e9<\/h2>\t\t\t\t<\/div>\n\t\t\t\t<\/div>\n\t\t\t\t<div class=\"elementor-element elementor-element-2b5ceb7 elementor-widget elementor-widget-text-editor\" data-id=\"2b5ceb7\" data-element_type=\"widget\" data-e-type=\"widget\" data-widget_type=\"text-editor.default\">\n\t\t\t\t<div class=\"elementor-widget-container\">\n\t\t\t\t\t\t\t\t\t<p>Bien que toutes les informations contenues sur le site aient \u00e9t\u00e9 soigneusement v\u00e9rifi\u00e9es, elles sont diffus\u00e9es \u00e0 titre d&rsquo;information uniquement. L&rsquo;\u00e9diteur ne peut en aucun cas \u00eatre tenu responsable de l&rsquo;exactitude des informations fournies ni donner de garanties quant \u00e0 leur exhaustivit\u00e9, leur exactitude ou leur actualit\u00e9. Toutes les informations sont donn\u00e9es sous r\u00e9serve de modifications, d&rsquo;erreurs ou d&rsquo;omissions.<br \/>L&rsquo;\u00e9diteur n&rsquo;est pas non plus responsable des contenus mis \u00e0 disposition par des tiers auxquels le site renvoie par le biais d&rsquo;hyperliens.<br \/>Enfin, l&rsquo;\u00e9diteur n&rsquo;assume aucune responsabilit\u00e9 et exclut toute demande de garantie en cas d&rsquo;interruption ou de mauvais fonctionnement du site. L&rsquo;\u00e9diteur ne peut pas non plus \u00eatre tenu responsable des dommages caus\u00e9s \u00e0 l&rsquo;utilisateur, directement ou indirectement, par l&rsquo;acc\u00e8s au site ou son utilisation.<\/p>\t\t\t\t\t\t\t\t<\/div>\n\t\t\t\t<\/div>\n\t\t\t\t<\/div>\n\t\t<div class=\"elementor-element elementor-element-84243fe e-con-full e-flex e-con e-child\" data-id=\"84243fe\" data-element_type=\"container\" data-e-type=\"container\">\n\t\t\t\t<div class=\"elementor-element elementor-element-3b11119 elementor-widget elementor-widget-heading\" data-id=\"3b11119\" data-element_type=\"widget\" data-e-type=\"widget\" data-widget_type=\"heading.default\">\n\t\t\t\t<div class=\"elementor-widget-container\">\n\t\t\t\t\t<h2 class=\"elementor-heading-title elementor-size-default\">Vie priv\u00e9e et protection des donn\u00e9es<\/h2>\t\t\t\t<\/div>\n\t\t\t\t<\/div>\n\t\t\t\t<div class=\"elementor-element elementor-element-c5c007f elementor-widget elementor-widget-heading\" data-id=\"c5c007f\" data-element_type=\"widget\" data-e-type=\"widget\" data-widget_type=\"heading.default\">\n\t\t\t\t<div class=\"elementor-widget-container\">\n\t\t\t\t\t<h2 class=\"elementor-heading-title elementor-size-default\">Traitement des donn\u00e9es \u00e0 caract\u00e8re personnel<\/h2>\t\t\t\t<\/div>\n\t\t\t\t<\/div>\n\t\t\t\t<div class=\"elementor-element elementor-element-f6f92c3 elementor-widget elementor-widget-text-editor\" data-id=\"f6f92c3\" data-element_type=\"widget\" data-e-type=\"widget\" data-widget_type=\"text-editor.default\">\n\t\t\t\t<div class=\"elementor-widget-container\">\n\t\t\t\t\t\t\t\t\t<p>Les donn\u00e9es personnelles ne peuvent \u00eatre collect\u00e9es et trait\u00e9es que conform\u00e9ment aux r\u00e8gles des lois sur la protection des donn\u00e9es.<br \/>Dans certains cas, en particulier lorsque l&rsquo;utilisateur remplit et envoie un formulaire sur le site, il est possible que certaines donn\u00e9es personnelles soient enregistr\u00e9es sur le serveur. Ces informations sont consid\u00e9r\u00e9es comme confidentielles et trait\u00e9es en cons\u00e9quence. Elles ne sont donc jamais vendues ou transmises \u00e0 des tiers sans l&rsquo;accord pr\u00e9alable de l&rsquo;utilisateur.<br \/>Si le site dispose d&rsquo;une newsletter, l&rsquo;utilisateur peut s&rsquo;y inscrire afin de recevoir r\u00e9guli\u00e8rement des informations par e-mail. Dans ce cas, l&rsquo;\u00e9diteur a besoin d&rsquo;une adresse e-mail valide, que l&rsquo;utilisateur qui s&rsquo;inscrit transmet via le formulaire pr\u00e9vu \u00e0 cet effet. L&rsquo;utilisateur confirme \u00eatre le propri\u00e9taire de l&rsquo;adresse e-mail transmise et donne son consentement \u00e0 la r\u00e9ception d&rsquo;e-mails par le site ou l&rsquo;\u00e9diteur. L&rsquo;utilisateur a le droit de se d\u00e9sinscrire \u00e0 tout moment.<br \/>L&rsquo;utilisateur a le droit de consulter ses donn\u00e9es personnelles afin d&rsquo;en v\u00e9rifier l&rsquo;exactitude et, le cas \u00e9ch\u00e9ant, d&rsquo;en demander la rectification. Pour ce faire, il envoie une lettre recommand\u00e9e \u00e0 l&rsquo;\u00e9diteur du site dont les coordonn\u00e9es sont indiqu\u00e9es ci-dessus.<\/p>\t\t\t\t\t\t\t\t<\/div>\n\t\t\t\t<\/div>\n\t\t\t\t<div class=\"elementor-element elementor-element-6d90a18 elementor-widget-divider--view-line elementor-widget elementor-widget-divider\" data-id=\"6d90a18\" data-element_type=\"widget\" data-e-type=\"widget\" data-widget_type=\"divider.default\">\n\t\t\t\t<div class=\"elementor-widget-container\">\n\t\t\t\t\t\t\t<div class=\"elementor-divider\">\n\t\t\t<span class=\"elementor-divider-separator\">\n\t\t\t\t\t\t<\/span>\n\t\t<\/div>\n\t\t\t\t\t\t<\/div>\n\t\t\t\t<\/div>\n\t\t\t\t<div class=\"elementor-element elementor-element-066944d elementor-widget elementor-widget-heading\" data-id=\"066944d\" data-element_type=\"widget\" data-e-type=\"widget\" data-widget_type=\"heading.default\">\n\t\t\t\t<div class=\"elementor-widget-container\">\n\t\t\t\t\t<h2 class=\"elementor-heading-title elementor-size-default\">Utilisation des cookies<\/h2>\t\t\t\t<\/div>\n\t\t\t\t<\/div>\n\t\t\t\t<div class=\"elementor-element elementor-element-1eb435c elementor-widget elementor-widget-text-editor\" data-id=\"1eb435c\" data-element_type=\"widget\" data-e-type=\"widget\" data-widget_type=\"text-editor.default\">\n\t\t\t\t<div class=\"elementor-widget-container\">\n\t\t\t\t\t\t\t\t\t<p>Ce site utilise des cookies<br \/>Comme la plupart des sites web, ce site utilise des cookies. Les cookies sont de petits fichiers texte non dangereux qui n&rsquo;ont en aucun cas d&rsquo;impact sur votre vie priv\u00e9e ou sur la s\u00e9curit\u00e9 de votre ordinateur.<br \/>Les cookies am\u00e9liorent le confort de l&rsquo;utilisateur sur le site et permettent \u00e0 l&rsquo;\u00e9diteur de tenir des statistiques anonymes de fr\u00e9quentation du site.<br \/>Veuillez consulter les instructions de votre navigateur web pour obtenir des informations sur la mani\u00e8re d&rsquo;interdire ou de supprimer les cookies sur votre ordinateur.<br \/>L&rsquo;\u00e9diteur informe l&rsquo;utilisateur que des cookies sont utilis\u00e9s pour am\u00e9liorer le confort d&rsquo;utilisation du site, pour en am\u00e9liorer les performances et pour \u00e9tablir des statistiques de fr\u00e9quentation.<br \/>\u00c9tant donn\u00e9 que le site ne peut pas fonctionner sans l&rsquo;utilisation de cookies, nous demandons \u00e0 toute personne qui n&rsquo;est pas d&rsquo;accord avec l&rsquo;utilisation de cookies de mettre imm\u00e9diatement fin \u00e0 sa session de navigation sur le site.<\/p>\t\t\t\t\t\t\t\t<\/div>\n\t\t\t\t<\/div>\n\t\t\t\t<div class=\"elementor-element elementor-element-914e5f5 elementor-widget-divider--view-line elementor-widget elementor-widget-divider\" data-id=\"914e5f5\" data-element_type=\"widget\" data-e-type=\"widget\" data-widget_type=\"divider.default\">\n\t\t\t\t<div class=\"elementor-widget-container\">\n\t\t\t\t\t\t\t<div class=\"elementor-divider\">\n\t\t\t<span class=\"elementor-divider-separator\">\n\t\t\t\t\t\t<\/span>\n\t\t<\/div>\n\t\t\t\t\t\t<\/div>\n\t\t\t\t<\/div>\n\t\t\t\t<div class=\"elementor-element elementor-element-1e09886 elementor-widget elementor-widget-heading\" data-id=\"1e09886\" data-element_type=\"widget\" data-e-type=\"widget\" data-widget_type=\"heading.default\">\n\t\t\t\t<div class=\"elementor-widget-container\">\n\t\t\t\t\t<h2 class=\"elementor-heading-title elementor-size-default\">Utilisation de Google Analytics<\/h2>\t\t\t\t<\/div>\n\t\t\t\t<\/div>\n\t\t\t\t<div class=\"elementor-element elementor-element-706c1f0 elementor-widget elementor-widget-text-editor\" data-id=\"706c1f0\" data-element_type=\"widget\" data-e-type=\"widget\" data-widget_type=\"text-editor.default\">\n\t\t\t\t<div class=\"elementor-widget-container\">\n\t\t\t\t\t\t\t\t\t<p>Ce site web utilise Google Analytics, un service d&rsquo;analyse web de Google Inc (\u00ab\u00a0Google\u00a0\u00bb). Google Analytics utilise des \u00ab\u00a0cookies\u00a0\u00bb, des fichiers texte qui sont enregistr\u00e9s sur votre ordinateur et qui permettent d&rsquo;analyser votre utilisation du site web. Les informations g\u00e9n\u00e9r\u00e9es par le cookie concernant votre utilisation de ce site web (y compris votre adresse IP) sont transmises \u00e0 un serveur de Google aux \u00c9tats-Unis et y sont enregistr\u00e9es. Google utilisera cette information dans le but d&rsquo;\u00e9valuer votre utilisation du site, de compiler des rapports sur l&rsquo;activit\u00e9 du site \u00e0 destination de son \u00e9diteur et de fournir d&rsquo;autres services relatifs \u00e0 l&rsquo;activit\u00e9 du site et \u00e0 l&rsquo;utilisation d&rsquo;Internet.<br \/>Le cas \u00e9ch\u00e9ant, Google transmettra \u00e9galement ces informations \u00e0 des tiers, dans la mesure o\u00f9 cela est prescrit par la loi ou si des tiers traitent ces donn\u00e9es pour le compte de Google. Google n&rsquo;associera en aucun cas votre adresse IP \u00e0 d&rsquo;autres donn\u00e9es de Google. Vous pouvez emp\u00eacher l&rsquo;installation des cookies en param\u00e9trant votre navigateur en cons\u00e9quence ; nous attirons toutefois votre attention sur le fait que, dans ce cas, vous ne pourrez peut-\u00eatre pas utiliser toutes les fonctions de ce site web dans leur int\u00e9gralit\u00e9. En utilisant ce site web, vous acceptez que les donn\u00e9es collect\u00e9es \u00e0 votre sujet par Google soient trait\u00e9es de la mani\u00e8re et aux fins d\u00e9crites ci-dessus.<\/p>\t\t\t\t\t\t\t\t<\/div>\n\t\t\t\t<\/div>\n\t\t\t\t<div class=\"elementor-element elementor-element-4137ade elementor-widget-divider--view-line elementor-widget elementor-widget-divider\" data-id=\"4137ade\" data-element_type=\"widget\" data-e-type=\"widget\" data-widget_type=\"divider.default\">\n\t\t\t\t<div class=\"elementor-widget-container\">\n\t\t\t\t\t\t\t<div class=\"elementor-divider\">\n\t\t\t<span class=\"elementor-divider-separator\">\n\t\t\t\t\t\t<\/span>\n\t\t<\/div>\n\t\t\t\t\t\t<\/div>\n\t\t\t\t<\/div>\n\t\t\t\t<div class=\"elementor-element elementor-element-b2902ee elementor-widget elementor-widget-heading\" data-id=\"b2902ee\" data-element_type=\"widget\" data-e-type=\"widget\" data-widget_type=\"heading.default\">\n\t\t\t\t<div class=\"elementor-widget-container\">\n\t\t\t\t\t<h2 class=\"elementor-heading-title elementor-size-default\">Beer Challenge<\/h2>\t\t\t\t<\/div>\n\t\t\t\t<\/div>\n\t\t\t\t<div class=\"elementor-element elementor-element-fd601e2 elementor-widget elementor-widget-text-editor\" data-id=\"fd601e2\" data-element_type=\"widget\" data-e-type=\"widget\" data-widget_type=\"text-editor.default\">\n\t\t\t\t<div class=\"elementor-widget-container\">\n\t\t\t\t\t\t\t\t\t<p><a title=\"R\u00e8glement et conditions de participation au Beer Challenge du Biermuseum Rodt\" href=\"https:\/\/biermuseum.be\/wp-content\/uploads\/2025\/04\/Regeln-und-Teilnahmebedingungen.pdf\" target=\"_blank\" rel=\"noopener\">R\u00e8glement et conditions de participation<\/a> au \u00ab Beer Challenge \u00bb du Biermuseum Rodt en Allemand, N\u00e9erlandais, Fran\u00e7ais et Anglais. <em>(version avril 2025)<\/em><\/p>\t\t\t\t\t\t\t\t<\/div>\n\t\t\t\t<\/div>\n\t\t\t\t<div class=\"elementor-element elementor-element-b5d324c elementor-widget-divider--view-line elementor-widget elementor-widget-divider\" data-id=\"b5d324c\" data-element_type=\"widget\" data-e-type=\"widget\" data-widget_type=\"divider.default\">\n\t\t\t\t<div class=\"elementor-widget-container\">\n\t\t\t\t\t\t\t<div class=\"elementor-divider\">\n\t\t\t<span class=\"elementor-divider-separator\">\n\t\t\t\t\t\t<\/span>\n\t\t<\/div>\n\t\t\t\t\t\t<\/div>\n\t\t\t\t<\/div>\n\t\t\t\t<div class=\"elementor-element elementor-element-957e009 elementor-widget elementor-widget-text-editor\" data-id=\"957e009\" data-element_type=\"widget\" data-e-type=\"widget\" data-widget_type=\"text-editor.default\">\n\t\t\t\t<div class=\"elementor-widget-container\">\n\t\t\t\t\t\t\t\t\t<p>Version avril 2025<\/p>\t\t\t\t\t\t\t\t<\/div>\n\t\t\t\t<\/div>\n\t\t\t\t<\/div>\n\t\t\t\t\t<\/div>\n\t\t\t\t<\/div>\n\t\t\t\t<\/div>\n\t\t","protected":false},"excerpt":{"rendered":"<p>Editeur responsable Biermuseum Rodt Delvith SA Tomberg 77B-4780 RodtBelgique T\u00e9l. : +32 (0)80 22 63 01Fax : +32 (0)80 22 95 62 [&hellip;]<\/p>\n","protected":false},"author":2,"featured_media":0,"parent":0,"menu_order":0,"comment_status":"closed","ping_status":"closed","template":"","meta":{"_monsterinsights_skip_tracking":false,"_monsterinsights_sitenote_active":false,"_monsterinsights_sitenote_note":"","_monsterinsights_sitenote_category":0,"footnotes":""},"class_list":["post-1160","page","type-page","status-publish","hentry"],"aioseo_notices":[],"_links":{"self":[{"href":"https:\/\/biermuseum.be\/fr\/wp-json\/wp\/v2\/pages\/1160","targetHints":{"allow":["GET"]}}],"collection":[{"href":"https:\/\/biermuseum.be\/fr\/wp-json\/wp\/v2\/pages"}],"about":[{"href":"https:\/\/biermuseum.be\/fr\/wp-json\/wp\/v2\/types\/page"}],"author":[{"embeddable":true,"href":"https:\/\/biermuseum.be\/fr\/wp-json\/wp\/v2\/users\/2"}],"replies":[{"embeddable":true,"href":"https:\/\/biermuseum.be\/fr\/wp-json\/wp\/v2\/comments?post=1160"}],"version-history":[{"count":15,"href":"https:\/\/biermuseum.be\/fr\/wp-json\/wp\/v2\/pages\/1160\/revisions"}],"predecessor-version":[{"id":3693,"href":"https:\/\/biermuseum.be\/fr\/wp-json\/wp\/v2\/pages\/1160\/revisions\/3693"}],"wp:attachment":[{"href":"https:\/\/biermuseum.be\/fr\/wp-json\/wp\/v2\/media?parent=1160"}],"curies":[{"name":"wp","href":"https:\/\/api.w.org\/{rel}","templated":true}]}}